{"id":962,"date":"2025-08-14T10:45:20","date_gmt":"2025-08-14T07:45:20","guid":{"rendered":"https:\/\/kibernodas.com\/?post_type=product&#038;p=962"},"modified":"2025-09-03T08:57:42","modified_gmt":"2025-09-03T05:57:42","slug":"kibernetinis-rinkinys-lt","status":"publish","type":"product","link":"https:\/\/kibernodas.com\/lt\/product\/kibernodas-set-lt\/","title":{"rendered":"KiberNODAS rinkinys (LT)"},"content":{"rendered":"<p><span style=\"font-weight: 400;\">\"kiberNODAS\" - tai mokomasis korteli\u0173 \u017eaidimas, skirtas ne tik vaikams ar jaunimui, bet ir suaugusiesiems, norintiems <\/span><b>sustiprinti savo kibernetinio saugumo \u017einias<\/b><span style=\"font-weight: 400;\">. Kortel\u0117se ab\u0117c\u0117l\u0117s tvarka pateikiami pagrindiniai informacijos saugumo terminai, paai\u0161kinami slapta\u017eod\u017ei\u0173 k\u016brimo ir valdymo pagrindai, apsauga nuo kibernetini\u0173 atak\u0173, socialin\u0117s in\u017einerijos pavyzd\u017eiai ir saugaus elgesio internete praktika.<\/span><\/p>\n<p><span style=\"font-weight: 400;\">\u017daidimas si\u016blo patraukl\u0173 ir interaktyv\u0173 mokymosi b\u016bd\u0105, skatinant\u012f kritin\u012f m\u0105stym\u0105 ir diskusijas. Jis gali b\u016bti vertinga priemon\u0117 ne tik mokyklose ar universitetuose, bet ir <\/span><b>\u012fmon\u0117ms, bendruomen\u0117ms ir \u0161eimoms<\/b><span style=\"font-weight: 400;\">, kur labai svarbu tobulinti skaitmeninius \u012fg\u016bd\u017eius.<\/span><\/p>\n<p><span style=\"font-weight: 400;\">Be to, \u201ekiberNODAS\u201c korteles papildo <\/span><b>mokytojo (arba ved\u0117jo) knyga<\/b><span style=\"font-weight: 400;\">, kur kiekviena s\u0105voka paai\u0161kinta i\u0161samiau. Knygoje pateikiama praktini\u0173 pavyzd\u017ei\u0173, klausim\u0173 diskusijoms ir patarim\u0173, kaip kibernetin\u012f saugum\u0105 ai\u0161kinti tiek jaunesniems mokiniams, tiek suaugusiesiems. D\u0117l tokio lankstumo knyga tinka \u012fvairioms auditorijoms - nuo pradini\u0173 klasi\u0173 mokini\u0173 iki vyresnio am\u017eiaus suaugusi\u0173j\u0173 ar \u012fmoni\u0173 darbuotoj\u0173.<\/span><\/p>\n<h3><b>Pagrindiniai privalumai:<\/b><\/h3>\n<ul>\n<li style=\"font-weight: 400;\" aria-level=\"1\"><b>Universalus \u012frankis<\/b><span style=\"font-weight: 400;\"> - tinka vaikams, suaugusiesiems, \u0161eimoms, mokykloms ir \u012fmon\u0117ms.<\/span><\/li>\n<li style=\"font-weight: 400;\" aria-level=\"1\"><b>Papildoma mokytojo \/ ved\u0117jo knyga<\/b><span style=\"font-weight: 400;\"> - pateikiami gilesni paai\u0161kinimai ir praktin\u0117s id\u0117jos.<\/span><\/li>\n<li style=\"font-weight: 400;\" aria-level=\"1\"><b>Naudingumas realiame gyvenime<\/b><span style=\"font-weight: 400;\"> - \u017einios padeda apsaugoti save ir kitus internete.<\/span><\/li>\n<li style=\"font-weight: 400;\" aria-level=\"1\"><b>Grupinis mokymasis<\/b><span style=\"font-weight: 400;\"> - skatina bendravim\u0105, diskusijas ir komandin\u012f darb\u0105.<\/span><\/li>\n<li><b>Pradedantiesiems ir pa\u017eengusiems mokiniams<\/b><span style=\"font-weight: 400;\"><span style=\"font-weight: 400;\"> - terminai ai\u0161kinami \u012fvairiais lygmenimis.<\/span><\/span><\/li>\n<\/ul>\n<hr style=\"border: 1px solid #E9E9F2; border-radius: 8px;\" \/>\n<p>&nbsp;<\/p>\n<ul>\n<li style=\"list-style-type: none;\">\n<ul>\n<li><strong>Originalus pavadinimas:<\/strong> kiberNODAS mokytojo knyga<\/li>\n<li><strong>Autorius(-iai):<\/strong> Vaida Cesevi\u010dien\u0117, Simona Ramanauskait\u0117, Pavel Stefanovi\u010d<\/li>\n<li><strong>Leid\u0117jas:<\/strong> Vitae Litera<\/li>\n<li><strong>Metai:<\/strong> 2025<\/li>\n<li><strong>Puslapiai:<\/strong> 96<\/li>\n<li><strong>ISBN:<\/strong> ISBN 978-609-454-895-6<\/li>\n<\/ul>\n<\/li>\n<\/ul>","protected":false},"excerpt":{"rendered":"<p><span style=\"font-weight: 400;\">\"kiberNODAS\" rinkin\u012f sudaro:<br \/>\n<\/span><span style=\"font-weight: 400;\">Kibernetinio saugumo termin\u0173 ir heroj\u0173 kortel\u0117s: 26 vnt;<br \/>\n<\/span><span style=\"font-weight: 400;\">\u017daidimo taisykli\u0173 knyga;<br \/>\n<\/span><span style=\"font-weight: 400;\">Mokytojo knyga;\u00a0<\/span><\/p>\n<p><span style=\"font-weight: 400;\">kiberNODAS \u017eaidimas ir mokytojo knyga lietuvi\u0173 kalba.<\/span><\/p>\n<p><span style=\"font-weight: 400;\">\"kiberNODAS\" rinkin\u012f sudaro mokomosios kortel\u0117s ir mokytojo knyga, kurios padeda lengvai suprasti kibernetinio saugumo pagrindus. Kortel\u0117se ab\u0117c\u0117l\u0117s tvarka pateikiamos pagrindin\u0117s s\u0105vokos, o vadov\u0117lyje pateikiami i\u0161sam\u016bs paai\u0161kinimai, praktiniai pavyzd\u017eiai ir klausimai diskusijoms. \u0160is rinkinys tinka ir vaikams, ir suaugusiesiems, tod\u0117l jis naudingas mokyklose, \u0161eimose ar \u012fmon\u0117se. Mokymasis \u017eaid\u017eiant padeda visiems smagiai ir patraukliai \u012fgyti svarbiausi\u0173 \u017eini\u0173 apie saug\u0173 elges\u012f internete.<\/span><\/p>","protected":false},"featured_media":1407,"template":"","meta":{"site-sidebar-layout":"default","site-content-layout":"","ast-site-content-layout":"default","site-content-style":"default","site-sidebar-style":"default","ast-global-header-display":"","ast-banner-title-visibility":"","ast-main-header-display":"","ast-hfb-above-header-display":"","ast-hfb-below-header-display":"","ast-hfb-mobile-header-display":"","site-post-title":"","ast-breadcrumbs-content":"","ast-featured-img":"","footer-sml-layout":"","ast-disable-related-posts":"","theme-transparent-header-meta":"default","adv-header-id-meta":"","stick-header-meta":"","header-above-stick-meta":"","header-main-stick-meta":"","header-below-stick-meta":"","astra-migrate-meta-layouts":"set","ast-page-background-enabled":"default","ast-page-background-meta":{"desktop":{"background-color":"var(--ast-global-color-5)","background-image":"","background-repeat":"repeat","background-position":"center center","background-size":"auto","background-attachment":"scroll","background-type":"","background-media":"","overlay-type":"","overlay-color":"","overlay-opacity":"","overlay-gradient":""},"tablet":{"background-color":"","background-image":"","background-repeat":"repeat","background-position":"center center","background-size":"auto","background-attachment":"scroll","background-type":"","background-media":"","overlay-type":"","overlay-color":"","overlay-opacity":"","overlay-gradient":""},"mobile":{"background-color":"","background-image":"","background-repeat":"repeat","background-position":"center center","background-size":"auto","background-attachment":"scroll","background-type":"","background-media":"","overlay-type":"","overlay-color":"","overlay-opacity":"","overlay-gradient":""}},"ast-content-background-meta":{"desktop":{"background-color":"var(--ast-global-color-4)","background-image":"","background-repeat":"repeat","background-position":"center center","background-size":"auto","background-attachment":"scroll","background-type":"","background-media":"","overlay-type":"","overlay-color":"","overlay-opacity":"","overlay-gradient":""},"tablet":{"background-color":"var(--ast-global-color-4)","background-image":"","background-repeat":"repeat","background-position":"center center","background-size":"auto","background-attachment":"scroll","background-type":"","background-media":"","overlay-type":"","overlay-color":"","overlay-opacity":"","overlay-gradient":""},"mobile":{"background-color":"var(--ast-global-color-4)","background-image":"","background-repeat":"repeat","background-position":"center center","background-size":"auto","background-attachment":"scroll","background-type":"","background-media":"","overlay-type":"","overlay-color":"","overlay-opacity":"","overlay-gradient":""}}},"product_brand":[],"product_cat":[15],"product_tag":[],"class_list":{"0":"post-962","1":"product","2":"type-product","3":"status-publish","4":"has-post-thumbnail","6":"product_cat-uncategorized","7":"desktop-align-left","8":"tablet-align-left","9":"mobile-align-left","11":"first","12":"instock","13":"taxable","14":"shipping-taxable","15":"purchasable","16":"product-type-simple"},"yoast_head":"<!-- This site is optimized with the Yoast SEO plugin v27.4 - https:\/\/yoast.com\/product\/yoast-seo-wordpress\/ -->\n<title>KiberNODAS Set LT \u2013 Card Game + Teacher\u2019s Book (Lithuanian)<\/title>\n<meta name=\"description\" content=\"KiberNODAS Set LT: Cybersecurity card game plus a 96-page teacher\u2019s book (ISBN 978-609-454-895-6). For schools, companies, families and self-study.\" \/>\n<meta name=\"robots\" content=\"index, follow, max-snippet:-1, max-image-preview:large, max-video-preview:-1\" \/>\n<link rel=\"canonical\" href=\"https:\/\/kibernodas.com\/lt\/produktas\/kibernetinis-rinkinys-lt\/\" \/>\n<meta property=\"og:locale\" content=\"lt_LT\" \/>\n<meta property=\"og:type\" content=\"article\" \/>\n<meta property=\"og:title\" content=\"KiberNODAS Set LT \u2013 Card Game + Teacher\u2019s Book (Lithuanian)\" \/>\n<meta property=\"og:description\" content=\"KiberNODAS Set LT: Cybersecurity card game plus a 96-page teacher\u2019s book (ISBN 978-609-454-895-6). For schools, companies, families and self-study.\" \/>\n<meta property=\"og:url\" content=\"https:\/\/kibernodas.com\/lt\/produktas\/kibernetinis-rinkinys-lt\/\" \/>\n<meta property=\"og:site_name\" content=\"KiberNODAS\" \/>\n<meta property=\"article:modified_time\" content=\"2025-09-03T05:57:42+00:00\" \/>\n<meta property=\"og:image\" content=\"https:\/\/kibernodas.com\/wp-content\/uploads\/2025\/08\/600x600_Compl_LT.webp\" \/>\n\t<meta property=\"og:image:width\" content=\"600\" \/>\n\t<meta property=\"og:image:height\" content=\"600\" \/>\n\t<meta property=\"og:image:type\" content=\"image\/webp\" \/>\n<meta name=\"twitter:card\" content=\"summary_large_image\" \/>\n<meta name=\"twitter:label1\" content=\"Est. reading time\" \/>\n\t<meta name=\"twitter:data1\" content=\"2 minut\u0117s\" \/>\n<script type=\"application\/ld+json\" class=\"yoast-schema-graph\">{\"@context\":\"https:\\\/\\\/schema.org\",\"@graph\":[{\"@type\":\"WebPage\",\"@id\":\"https:\\\/\\\/kibernodas.com\\\/product\\\/kibernodas-set-lt\\\/\",\"url\":\"https:\\\/\\\/kibernodas.com\\\/product\\\/kibernodas-set-lt\\\/\",\"name\":\"KiberNODAS Set LT \u2013 Card Game + Teacher\u2019s Book (Lithuanian)\",\"isPartOf\":{\"@id\":\"https:\\\/\\\/kibernodas.com\\\/lt\\\/#website\"},\"primaryImageOfPage\":{\"@id\":\"https:\\\/\\\/kibernodas.com\\\/product\\\/kibernodas-set-lt\\\/#primaryimage\"},\"image\":{\"@id\":\"https:\\\/\\\/kibernodas.com\\\/product\\\/kibernodas-set-lt\\\/#primaryimage\"},\"thumbnailUrl\":\"https:\\\/\\\/kibernodas.com\\\/wp-content\\\/uploads\\\/2025\\\/08\\\/600x600_Compl_LT.webp\",\"datePublished\":\"2025-08-14T07:45:20+00:00\",\"dateModified\":\"2025-09-03T05:57:42+00:00\",\"description\":\"KiberNODAS Set LT: Cybersecurity card game plus a 96-page teacher\u2019s book (ISBN 978-609-454-895-6). For schools, companies, families and self-study.\",\"breadcrumb\":{\"@id\":\"https:\\\/\\\/kibernodas.com\\\/product\\\/kibernodas-set-lt\\\/#breadcrumb\"},\"inLanguage\":\"lt-LT\",\"potentialAction\":[{\"@type\":\"ReadAction\",\"target\":[\"https:\\\/\\\/kibernodas.com\\\/product\\\/kibernodas-set-lt\\\/\"]}]},{\"@type\":\"ImageObject\",\"inLanguage\":\"lt-LT\",\"@id\":\"https:\\\/\\\/kibernodas.com\\\/product\\\/kibernodas-set-lt\\\/#primaryimage\",\"url\":\"https:\\\/\\\/kibernodas.com\\\/wp-content\\\/uploads\\\/2025\\\/08\\\/600x600_Compl_LT.webp\",\"contentUrl\":\"https:\\\/\\\/kibernodas.com\\\/wp-content\\\/uploads\\\/2025\\\/08\\\/600x600_Compl_LT.webp\",\"width\":600,\"height\":600,\"caption\":\"kiberNODAS_book\"},{\"@type\":\"BreadcrumbList\",\"@id\":\"https:\\\/\\\/kibernodas.com\\\/product\\\/kibernodas-set-lt\\\/#breadcrumb\",\"itemListElement\":[{\"@type\":\"ListItem\",\"position\":1,\"name\":\"Home\",\"item\":\"https:\\\/\\\/kibernodas.com\\\/\"},{\"@type\":\"ListItem\",\"position\":2,\"name\":\"Shop\",\"item\":\"https:\\\/\\\/kibernodas.com\\\/shop\\\/\"},{\"@type\":\"ListItem\",\"position\":3,\"name\":\"KiberNODAS Set (LT)\"}]},{\"@type\":\"WebSite\",\"@id\":\"https:\\\/\\\/kibernodas.com\\\/lt\\\/#website\",\"url\":\"https:\\\/\\\/kibernodas.com\\\/lt\\\/\",\"name\":\"KiberNODAS\",\"description\":\"Kibernetinis saugumo skydas tavo rankose.\",\"publisher\":{\"@id\":\"https:\\\/\\\/kibernodas.com\\\/lt\\\/#organization\"},\"potentialAction\":[{\"@type\":\"SearchAction\",\"target\":{\"@type\":\"EntryPoint\",\"urlTemplate\":\"https:\\\/\\\/kibernodas.com\\\/lt\\\/?s={search_term_string}\"},\"query-input\":{\"@type\":\"PropertyValueSpecification\",\"valueRequired\":true,\"valueName\":\"search_term_string\"}}],\"inLanguage\":\"lt-LT\"},{\"@type\":\"Organization\",\"@id\":\"https:\\\/\\\/kibernodas.com\\\/lt\\\/#organization\",\"name\":\"KiberNODAS\",\"url\":\"https:\\\/\\\/kibernodas.com\\\/lt\\\/\",\"logo\":{\"@type\":\"ImageObject\",\"inLanguage\":\"lt-LT\",\"@id\":\"https:\\\/\\\/kibernodas.com\\\/lt\\\/#\\\/schema\\\/logo\\\/image\\\/\",\"url\":\"https:\\\/\\\/kibernodas.com\\\/wp-content\\\/uploads\\\/2025\\\/07\\\/Site_icon.webp\",\"contentUrl\":\"https:\\\/\\\/kibernodas.com\\\/wp-content\\\/uploads\\\/2025\\\/07\\\/Site_icon.webp\",\"width\":512,\"height\":512,\"caption\":\"KiberNODAS\"},\"image\":{\"@id\":\"https:\\\/\\\/kibernodas.com\\\/lt\\\/#\\\/schema\\\/logo\\\/image\\\/\"}}]}<\/script>\n<!-- \/ Yoast SEO plugin. -->","yoast_head_json":{"title":"KiberNODAS rinkinys LT - Kort\u0173 \u017eaidimas + mokytojo knyga (lietuvi\u0173 kalba)","description":"KiberNODAS rinkinys LT: Kibernetinio saugumo kort\u0173 \u017eaidimas ir 96 puslapi\u0173 mokytojo knyga (ISBN 978-609-454-895-6). Skirta mokykloms, \u012fmon\u0117ms, \u0161eimoms ir savaranki\u0161kam mokymuisi.","robots":{"index":"index","follow":"follow","max-snippet":"max-snippet:-1","max-image-preview":"max-image-preview:large","max-video-preview":"max-video-preview:-1"},"canonical":"https:\/\/kibernodas.com\/lt\/produktas\/kibernetinis-rinkinys-lt\/","og_locale":"lt_LT","og_type":"article","og_title":"KiberNODAS Set LT \u2013 Card Game + Teacher\u2019s Book (Lithuanian)","og_description":"KiberNODAS Set LT: Cybersecurity card game plus a 96-page teacher\u2019s book (ISBN 978-609-454-895-6). For schools, companies, families and self-study.","og_url":"https:\/\/kibernodas.com\/lt\/produktas\/kibernetinis-rinkinys-lt\/","og_site_name":"KiberNODAS","article_modified_time":"2025-09-03T05:57:42+00:00","og_image":[{"width":600,"height":600,"url":"https:\/\/kibernodas.com\/wp-content\/uploads\/2025\/08\/600x600_Compl_LT.webp","type":"image\/webp"}],"twitter_card":"summary_large_image","twitter_misc":{"Est. reading time":"2 minut\u0117s"},"schema":{"@context":"https:\/\/schema.org","@graph":[{"@type":"WebPage","@id":"https:\/\/kibernodas.com\/product\/kibernodas-set-lt\/","url":"https:\/\/kibernodas.com\/product\/kibernodas-set-lt\/","name":"KiberNODAS rinkinys LT - Kort\u0173 \u017eaidimas + mokytojo knyga (lietuvi\u0173 kalba)","isPartOf":{"@id":"https:\/\/kibernodas.com\/lt\/#website"},"primaryImageOfPage":{"@id":"https:\/\/kibernodas.com\/product\/kibernodas-set-lt\/#primaryimage"},"image":{"@id":"https:\/\/kibernodas.com\/product\/kibernodas-set-lt\/#primaryimage"},"thumbnailUrl":"https:\/\/kibernodas.com\/wp-content\/uploads\/2025\/08\/600x600_Compl_LT.webp","datePublished":"2025-08-14T07:45:20+00:00","dateModified":"2025-09-03T05:57:42+00:00","description":"KiberNODAS rinkinys LT: Kibernetinio saugumo kort\u0173 \u017eaidimas ir 96 puslapi\u0173 mokytojo knyga (ISBN 978-609-454-895-6). Skirta mokykloms, \u012fmon\u0117ms, \u0161eimoms ir savaranki\u0161kam mokymuisi.","breadcrumb":{"@id":"https:\/\/kibernodas.com\/product\/kibernodas-set-lt\/#breadcrumb"},"inLanguage":"lt-LT","potentialAction":[{"@type":"ReadAction","target":["https:\/\/kibernodas.com\/product\/kibernodas-set-lt\/"]}]},{"@type":"ImageObject","inLanguage":"lt-LT","@id":"https:\/\/kibernodas.com\/product\/kibernodas-set-lt\/#primaryimage","url":"https:\/\/kibernodas.com\/wp-content\/uploads\/2025\/08\/600x600_Compl_LT.webp","contentUrl":"https:\/\/kibernodas.com\/wp-content\/uploads\/2025\/08\/600x600_Compl_LT.webp","width":600,"height":600,"caption":"kiberNODAS_book"},{"@type":"BreadcrumbList","@id":"https:\/\/kibernodas.com\/product\/kibernodas-set-lt\/#breadcrumb","itemListElement":[{"@type":"ListItem","position":1,"name":"Home","item":"https:\/\/kibernodas.com\/"},{"@type":"ListItem","position":2,"name":"Shop","item":"https:\/\/kibernodas.com\/shop\/"},{"@type":"ListItem","position":3,"name":"KiberNODAS Set (LT)"}]},{"@type":"WebSite","@id":"https:\/\/kibernodas.com\/lt\/#website","url":"https:\/\/kibernodas.com\/lt\/","name":"KiberNODAS","description":"Kibernetinis saugumo skydas tavo rankose.","publisher":{"@id":"https:\/\/kibernodas.com\/lt\/#organization"},"potentialAction":[{"@type":"SearchAction","target":{"@type":"EntryPoint","urlTemplate":"https:\/\/kibernodas.com\/lt\/?s={search_term_string}"},"query-input":{"@type":"PropertyValueSpecification","valueRequired":true,"valueName":"search_term_string"}}],"inLanguage":"lt-LT"},{"@type":"Organization","@id":"https:\/\/kibernodas.com\/lt\/#organization","name":"KiberNODAS","url":"https:\/\/kibernodas.com\/lt\/","logo":{"@type":"ImageObject","inLanguage":"lt-LT","@id":"https:\/\/kibernodas.com\/lt\/#\/schema\/logo\/image\/","url":"https:\/\/kibernodas.com\/wp-content\/uploads\/2025\/07\/Site_icon.webp","contentUrl":"https:\/\/kibernodas.com\/wp-content\/uploads\/2025\/07\/Site_icon.webp","width":512,"height":512,"caption":"KiberNODAS"},"image":{"@id":"https:\/\/kibernodas.com\/lt\/#\/schema\/logo\/image\/"}}]}},"_links":{"self":[{"href":"https:\/\/kibernodas.com\/lt\/wp-json\/wp\/v2\/product\/962","targetHints":{"allow":["GET"]}}],"collection":[{"href":"https:\/\/kibernodas.com\/lt\/wp-json\/wp\/v2\/product"}],"about":[{"href":"https:\/\/kibernodas.com\/lt\/wp-json\/wp\/v2\/types\/product"}],"wp:featuredmedia":[{"embeddable":true,"href":"https:\/\/kibernodas.com\/lt\/wp-json\/wp\/v2\/media\/1407"}],"wp:attachment":[{"href":"https:\/\/kibernodas.com\/lt\/wp-json\/wp\/v2\/media?parent=962"}],"wp:term":[{"taxonomy":"product_brand","embeddable":true,"href":"https:\/\/kibernodas.com\/lt\/wp-json\/wp\/v2\/product_brand?post=962"},{"taxonomy":"product_cat","embeddable":true,"href":"https:\/\/kibernodas.com\/lt\/wp-json\/wp\/v2\/product_cat?post=962"},{"taxonomy":"product_tag","embeddable":true,"href":"https:\/\/kibernodas.com\/lt\/wp-json\/wp\/v2\/product_tag?post=962"}],"curies":[{"name":"wp","href":"https:\/\/api.w.org\/{rel}","templated":true}]}}